{"id":33,"date":"2021-03-10T15:25:15","date_gmt":"2021-03-10T14:25:15","guid":{"rendered":"http:\/\/sarlbatipro.com\/?page_id=33"},"modified":"2021-03-22T22:55:51","modified_gmt":"2021-03-22T21:55:51","slug":"parrainage","status":"publish","type":"page","link":"https:\/\/sarlbatipro.com\/index.php\/parrainage\/","title":{"rendered":"Parrainage"},"content":{"rendered":"\n<div class=\"wp-block-group\"><div class=\"wp-block-group__inner-container\">\n<div class=\"wp-block-columns\">\n<div class=\"wp-block-column\">\n<figure class=\"wp-block-image size-large\"><img src=\"https:\/\/s.w.org\/images\/core\/5.5\/don-quixote-02.jpg\" alt=\"\"\/><\/figure>\n\n\n\n<p style=\"font-size:18px\">Or, il faut savoir que cet hidalgo, dans les moments o\u00f9 il restait oisif, c\u2019est-\u00e0-dire \u00e0 peu pr\u00e8s toute l\u2019ann\u00e9e, s\u2019adonnait \u00e0 lire des livres de chevalerie, avec tant de go\u00fbt et de plaisir, qu\u2019il en oublia presque enti\u00e8rement l\u2019exercice de la chasse et m\u00eame l\u2019administration de son bien. Sa curiosit\u00e9 et son extravagance arriv\u00e8rent \u00e0 ce point qu\u2019il vendit plusieurs arpents de bonnes terres \u00e0 labourer pour acheter des livres de chevalerie \u00e0 lire. Aussi en amassa-t-il dans sa maison autant qu\u2019il put s\u2019en procurer.<\/p>\n<\/div>\n\n\n\n<div class=\"wp-block-column\">\n<figure class=\"wp-block-image size-large\"><img src=\"https:\/\/s.w.org\/images\/core\/5.5\/don-quixote-04.jpg\" alt=\"\"\/><\/figure>\n\n\n\n<p style=\"font-size:18px\">Mais, de tous ces livres, nul ne lui paraissait aussi parfait que ceux compos\u00e9s par le fameux Feliciano de Silva. En effet, l\u2019extr\u00eame clart\u00e9 de sa prose le ravissait, et ses propos si bien entortill\u00e9s lui semblaient d\u2019or&nbsp;; surtout quand il venait \u00e0 lire ces lettres de galanterie et de d\u00e9fi, o\u00f9 il trouvait \u00e9crit en plus d\u2019un endroit&nbsp;: \u00ab&nbsp;La raison de la d\u00e9raison qu\u2019\u00e0 ma raison vous faites, affaiblit tellement ma raison, qu\u2019avec raison je me plains de votre beaut\u00e9&nbsp;\u00bb et de m\u00eame quand il lisait&nbsp;: \u00ab&nbsp;Les hauts cieux qui de votre divinit\u00e9 divinement par le secours des \u00e9toiles vous fortifient, et vous font m\u00e9ritante des m\u00e9rites que m\u00e9rite votre grandeur&nbsp;\u00bb.<\/p>\n<\/div>\n<\/div>\n<\/div><\/div>\n\n\n\n<div class=\"wp-block-buttons aligncenter\">\n<div class=\"wp-block-button\"><a class=\"wp-block-button__link has-text-color has-background\" style=\"border-radius:2px;background-color:#ba0c49;color:#fffffa\">T\u00e9l\u00e9charger maintenant<\/a><\/div>\n\n\n\n<div class=\"wp-block-button is-style-outline\"><a class=\"wp-block-button__link has-text-color\" style=\"border-radius:2px;color:#ba0c49\">\u00c0 propos de Cervant\u00e8s<\/a><\/div>\n<\/div>\n","protected":false},"excerpt":{"rendered":"","protected":false},"author":1,"featured_media":0,"parent":0,"menu_order":0,"comment_status":"closed","ping_status":"closed","template":"","meta":[],"_links":{"self":[{"href":"https:\/\/sarlbatipro.com\/index.php\/wp-json\/wp\/v2\/pages\/33"}],"collection":[{"href":"https:\/\/sarlbatipro.com\/index.php\/wp-json\/wp\/v2\/pages"}],"about":[{"href":"https:\/\/sarlbatipro.com\/index.php\/wp-json\/wp\/v2\/types\/page"}],"author":[{"embeddable":true,"href":"https:\/\/sarlbatipro.com\/index.php\/wp-json\/wp\/v2\/users\/1"}],"replies":[{"embeddable":true,"href":"https:\/\/sarlbatipro.com\/index.php\/wp-json\/wp\/v2\/comments?post=33"}],"version-history":[{"count":4,"href":"https:\/\/sarlbatipro.com\/index.php\/wp-json\/wp\/v2\/pages\/33\/revisions"}],"predecessor-version":[{"id":3606,"href":"https:\/\/sarlbatipro.com\/index.php\/wp-json\/wp\/v2\/pages\/33\/revisions\/3606"}],"wp:attachment":[{"href":"https:\/\/sarlbatipro.com\/index.php\/wp-json\/wp\/v2\/media?parent=33"}],"curies":[{"name":"wp","href":"https:\/\/api.w.org\/{rel}","templated":true}]}}